{"id":108,"date":"2023-05-09T13:02:49","date_gmt":"2023-05-09T13:02:49","guid":{"rendered":"https:\/\/www.bilten.spk.rs\/spkbilten012023\/?page_id=108"},"modified":"2023-05-09T13:02:49","modified_gmt":"2023-05-09T13:02:49","slug":"aktivnosti-sr","status":"publish","type":"page","link":"https:\/\/www.bilten.spk.rs\/spkbilten012023\/aktivnosti-sr\/","title":{"rendered":"Aktivnosti-sr"},"content":{"rendered":"","protected":false},"excerpt":{"rendered":"","protected":false},"author":1,"featured_media":0,"parent":0,"menu_order":0,"comment_status":"closed","ping_status":"closed","template":"","meta":{"site-sidebar-layout":"default","site-content-layout":"default","ast-global-header-display":"","ast-banner-title-visibility":"","ast-main-header-display":"","ast-hfb-above-header-display":"","ast-hfb-below-header-display":"","ast-hfb-mobile-header-display":"","site-post-title":"","ast-breadcrumbs-content":"","ast-featured-img":"","footer-sml-layout":"","theme-transparent-header-meta":"default","adv-header-id-meta":"","stick-header-meta":"","header-above-stick-meta":"","header-main-stick-meta":"","header-below-stick-meta":"","footnotes":""},"class_list":["post-108","page","type-page","status-publish","hentry"],"yoast_head":"<!-- This site is optimized with the Yoast SEO plugin v20.7 - https:\/\/yoast.com\/wordpress\/plugins\/seo\/ -->\n<title>Aktivnosti-sr - Slovena\u010dki Poslovni Klub<\/title>\n<meta name=\"robots\" content=\"index, follow, max-snippet:-1, max-image-preview:large, max-video-preview:-1\" \/>\n<link rel=\"canonical\" href=\"https:\/\/www.bilten.spk.rs\/spkbilten012023\/aktivnosti-sr\/\" \/>\n<meta property=\"og:locale\" content=\"en_US\" \/>\n<meta property=\"og:type\" content=\"article\" \/>\n<meta property=\"og:title\" content=\"Aktivnosti-sr - Slovena\u010dki Poslovni Klub\" \/>\n<meta property=\"og:url\" content=\"https:\/\/www.bilten.spk.rs\/spkbilten012023\/aktivnosti-sr\/\" \/>\n<meta property=\"og:site_name\" content=\"Slovena\u010dki Poslovni Klub\" \/>\n<meta name=\"twitter:card\" content=\"summary_large_image\" \/>\n<script type=\"application\/ld+json\" class=\"yoast-schema-graph\">{\"@context\":\"https:\/\/schema.org\",\"@graph\":[{\"@type\":\"WebPage\",\"@id\":\"https:\/\/www.bilten.spk.rs\/spkbilten012023\/aktivnosti-sr\/\",\"url\":\"https:\/\/www.bilten.spk.rs\/spkbilten012023\/aktivnosti-sr\/\",\"name\":\"Aktivnosti-sr - Slovena\u010dki Poslovni Klub\",\"isPartOf\":{\"@id\":\"https:\/\/www.bilten.spk.rs\/spkbilten012023\/#website\"},\"datePublished\":\"2023-05-09T13:02:49+00:00\",\"dateModified\":\"2023-05-09T13:02:49+00:00\",\"breadcrumb\":{\"@id\":\"https:\/\/www.bilten.spk.rs\/spkbilten012023\/aktivnosti-sr\/#breadcrumb\"},\"inLanguage\":\"en-US\",\"potentialAction\":[{\"@type\":\"ReadAction\",\"target\":[\"https:\/\/www.bilten.spk.rs\/spkbilten012023\/aktivnosti-sr\/\"]}]},{\"@type\":\"BreadcrumbList\",\"@id\":\"https:\/\/www.bilten.spk.rs\/spkbilten012023\/aktivnosti-sr\/#breadcrumb\",\"itemListElement\":[{\"@type\":\"ListItem\",\"position\":1,\"name\":\"Home\",\"item\":\"https:\/\/www.bilten.spk.rs\/spkbilten012023\/\"},{\"@type\":\"ListItem\",\"position\":2,\"name\":\"Aktivnosti-sr\"}]},{\"@type\":\"WebSite\",\"@id\":\"https:\/\/www.bilten.spk.rs\/spkbilten012023\/#website\",\"url\":\"https:\/\/www.bilten.spk.rs\/spkbilten012023\/\",\"name\":\"Slovena\u010dki Poslovni Klub\",\"description\":\"Neraskidivi most izme\u0111u privreda dve dr\u017eave!\",\"potentialAction\":[{\"@type\":\"SearchAction\",\"target\":{\"@type\":\"EntryPoint\",\"urlTemplate\":\"https:\/\/www.bilten.spk.rs\/spkbilten012023\/?s={search_term_string}\"},\"query-input\":\"required name=search_term_string\"}],\"inLanguage\":\"en-US\"}]}<\/script>\n<!-- \/ Yoast SEO plugin. -->","yoast_head_json":{"title":"Aktivnosti-sr - Slovena\u010dki Poslovni Klub","robots":{"index":"index","follow":"follow","max-snippet":"max-snippet:-1","max-image-preview":"max-image-preview:large","max-video-preview":"max-video-preview:-1"},"canonical":"https:\/\/www.bilten.spk.rs\/spkbilten012023\/aktivnosti-sr\/","og_locale":"en_US","og_type":"article","og_title":"Aktivnosti-sr - Slovena\u010dki Poslovni Klub","og_url":"https:\/\/www.bilten.spk.rs\/spkbilten012023\/aktivnosti-sr\/","og_site_name":"Slovena\u010dki Poslovni Klub","twitter_card":"summary_large_image","schema":{"@context":"https:\/\/schema.org","@graph":[{"@type":"WebPage","@id":"https:\/\/www.bilten.spk.rs\/spkbilten012023\/aktivnosti-sr\/","url":"https:\/\/www.bilten.spk.rs\/spkbilten012023\/aktivnosti-sr\/","name":"Aktivnosti-sr - Slovena\u010dki Poslovni Klub","isPartOf":{"@id":"https:\/\/www.bilten.spk.rs\/spkbilten012023\/#website"},"datePublished":"2023-05-09T13:02:49+00:00","dateModified":"2023-05-09T13:02:49+00:00","breadcrumb":{"@id":"https:\/\/www.bilten.spk.rs\/spkbilten012023\/aktivnosti-sr\/#breadcrumb"},"inLanguage":"en-US","potentialAction":[{"@type":"ReadAction","target":["https:\/\/www.bilten.spk.rs\/spkbilten012023\/aktivnosti-sr\/"]}]},{"@type":"BreadcrumbList","@id":"https:\/\/www.bilten.spk.rs\/spkbilten012023\/aktivnosti-sr\/#breadcrumb","itemListElement":[{"@type":"ListItem","position":1,"name":"Home","item":"https:\/\/www.bilten.spk.rs\/spkbilten012023\/"},{"@type":"ListItem","position":2,"name":"Aktivnosti-sr"}]},{"@type":"WebSite","@id":"https:\/\/www.bilten.spk.rs\/spkbilten012023\/#website","url":"https:\/\/www.bilten.spk.rs\/spkbilten012023\/","name":"Slovena\u010dki Poslovni Klub","description":"Neraskidivi most izme\u0111u privreda dve dr\u017eave!","potentialAction":[{"@type":"SearchAction","target":{"@type":"EntryPoint","urlTemplate":"https:\/\/www.bilten.spk.rs\/spkbilten012023\/?s={search_term_string}"},"query-input":"required name=search_term_string"}],"inLanguage":"en-US"}]}},"_links":{"self":[{"href":"https:\/\/www.bilten.spk.rs\/spkbilten012023\/wp-json\/wp\/v2\/pages\/108","targetHints":{"allow":["GET"]}}],"collection":[{"href":"https:\/\/www.bilten.spk.rs\/spkbilten012023\/wp-json\/wp\/v2\/pages"}],"about":[{"href":"https:\/\/www.bilten.spk.rs\/spkbilten012023\/wp-json\/wp\/v2\/types\/page"}],"author":[{"embeddable":true,"href":"https:\/\/www.bilten.spk.rs\/spkbilten012023\/wp-json\/wp\/v2\/users\/1"}],"replies":[{"embeddable":true,"href":"https:\/\/www.bilten.spk.rs\/spkbilten012023\/wp-json\/wp\/v2\/comments?post=108"}],"version-history":[{"count":1,"href":"https:\/\/www.bilten.spk.rs\/spkbilten012023\/wp-json\/wp\/v2\/pages\/108\/revisions"}],"predecessor-version":[{"id":109,"href":"https:\/\/www.bilten.spk.rs\/spkbilten012023\/wp-json\/wp\/v2\/pages\/108\/revisions\/109"}],"wp:attachment":[{"href":"https:\/\/www.bilten.spk.rs\/spkbilten012023\/wp-json\/wp\/v2\/media?parent=108"}],"curies":[{"name":"wp","href":"https:\/\/api.w.org\/{rel}","templated":true}]}}